{"id":3361,"date":"2022-11-20T16:38:56","date_gmt":"2022-11-20T15:38:56","guid":{"rendered":"https:\/\/sajberinfo.com\/?page_id=3361"},"modified":"2023-12-09T12:36:43","modified_gmt":"2023-12-09T11:36:43","slug":"o-autoru","status":"publish","type":"page","link":"https:\/\/sajberinfo.com\/en\/o-autoru\/","title":{"rendered":"O autoru"},"content":{"rendered":"<p><span style=\"font-size: 14pt;\">Dobro do\u0161li na <em>Sajber Info<\/em> blog, moje ime je Sa\u0161a \u0110uri\u0107.<\/span><\/p>\n<div id=\"attachment_3369\" style=\"width: 160px\" class=\"wp-caption alignleft\"><img loading=\"lazy\" decoding=\"async\" aria-describedby=\"caption-attachment-3369\" class=\"wp-image-3369 size-thumbnail\" src=\"https:\/\/sajberinfo.com\/wp-content\/uploads\/2022\/11\/autor-150x150.jpg\" alt=\"author\" width=\"150\" height=\"150\" srcset=\"https:\/\/sajberinfo.com\/wp-content\/uploads\/2022\/11\/autor-150x150.jpg 150w, https:\/\/sajberinfo.com\/wp-content\/uploads\/2022\/11\/autor-80x80.jpg 80w, https:\/\/sajberinfo.com\/wp-content\/uploads\/2022\/11\/autor-320x320.jpg 320w\" sizes=\"auto, (max-width: 150px) 100vw, 150px\" \/><p id=\"caption-attachment-3369\" class=\"wp-caption-text\">\u0110uri\u0107 Sa\u0161a, autor na\u00a0 Sajber Info Security Blog<\/p><\/div>\n<p><span style=\"font-size: 14pt;\">Ve\u0107 vi\u0161e od deset godina profesionalno radim na polju informacionih tehnologija sa posebnom orijentacijom ka sajber bezbjednosti.<br \/>\nProfesionalnim radom ali i obrazovanjem stekao sam razli\u010dite vje\u0161tine u oblasti informacionih tehnologija. <\/span><\/p>\n<p><span style=\"font-size: 14pt;\">Raditi u oblasti informacionih tehnologija bez velike gladi za saznanjem, bez ogromne motivacije i stalne \u017eelje za u\u010denjem je nemogu\u0107e. Informacione tehnologije su burne, gotovo svaki dan napreduju i \u0161iri se njihov utjecaj na ukupan \u017eivot oko nas, a oni koji se bave njima i sami moraju a naj\u010de\u0161\u0107e to i \u017eele da prate\u0107i nova dostignu\u0107a napreduju i sami. To se de\u0161ava i meni. <\/span><\/p>\n<p><span style=\"font-size: 14pt;\"><br \/>\nTokom svih ovih godina imao sam priliku da u\u017eivam u novim profesionalnim izazovima a moje iskustvo je raslo kao i znanje, tako da sam stekao zavidna saznanja iz oblasti sajber bezbjednosti; <em>Windows<\/em> operativnih sistema kao i svih povezanih <em>Office<\/em> proizvoda; osnove <em>Linux<\/em> i <em>FreeBSD<\/em> sistema; rje\u0161avanja gotovo svih hardverskih i sistemskih softverskih problema; umre\u017eavanje i administrativno odr\u017eavanje sistemskog okru\u017eenja. Ono \u0161to bih istakao jeste da sam<em> Certified Professional<\/em> za <em>Kaspersky Endpoint Security<\/em>. <\/span><\/p>\n<p><span style=\"font-size: 14pt;\">Moji dosada\u0161nji radni zadaci su uklju\u010divali i pronala\u017eenje kvarova te rje\u0161avanje korisni\u010dkih problema na licu mjesta ali i na daljinu, dakle on line, \u0161to mi je omogu\u0107ilo jedinstveno iskustvo spoznaje problema sa kojim se suo\u010davaju krajnji korisnici interneta i uop\u0161te informacionih tehnologija.<\/span><\/p>\n<p><span style=\"font-size: 14pt;\">Tokom godina rada spoznao sam i kolike opasnosti vrebaju na ovom sjajnom velikom prostoru ra\u010dunarskih tehnologija i interneta. Stoga sam i pokrenuo <em>Sajber Info<\/em> blog, kako bih podijelio svoje znanje sa onima koji se bave nekim drugim poslovima ali i te kako trebaju i moraju da se oslanjaju na informacione tehnologije.<\/span><\/p>\n<p><span style=\"font-size: 14pt;\">\u017delio sam da ponudim najbolje informacije iz svijeta informacionih tehnologija, uklju\u010duju\u0107i korisni\u010dka uputstva i korisne edukativne informacije sa ciljem da pomognem ljudima koji \u017eele da vi\u0161e saznaju o sajber bezbjednosti. Trudio sam se i ostajem pri tome, vode\u0107i se da je to moja misija, da koristim jednostavan jezik razumljiv svima, ne komplikuju\u0107i i onako komplikovane izraze, procedure iz informati\u010dkog svijeta. Trudi\u0107u se da prenesem znanje svima, kako to i treba da bude.<\/span><\/p>\n<p><span style=\"font-size: 14pt;\">Ako ste poput mene ili vam trebaju korisne informacije i uputstva iz svijeta informacionih tehnologija, onda je <em>Sajber Info<\/em> blog pravo mjesto za vas.<\/span><\/p>\n<p><span style=\"font-size: 14pt;\">Ja sam posve\u0107en:<\/span><\/p>\n<ul>\n<li><span style=\"font-size: 14pt;\">stvaranju jednostavnog edukativnog sadr\u017eaja,<\/span><\/li>\n<li><span style=\"font-size: 14pt;\">pru\u017eanju detaljnih korisni\u010dkih uputstava za svakodnevnu upotrebu,<\/span><\/li>\n<li><span style=\"font-size: 14pt;\">objavljivanju korisnih informacija iz sajber bezbjednosti,<\/span><\/li>\n<li><span style=\"font-size: 14pt;\">pru\u017eanju kvalitetne podr\u0161ke u rje\u0161avanju korisni\u010dkih problema,<\/span><\/li>\n<li><span style=\"font-size: 14pt;\">savjetovanju i implementaciji tehnolo\u0161kih rje\u0161enja u poslovanju.<\/span><\/li>\n<\/ul>\n<p>&nbsp;<\/p>\n<p><span style=\"font-size: 14pt;\">A vi, da li ste zainteresovani za saradnju i zajedni\u010dko putovanje u \u010dudesni svijet informacionih tehnologija i sajber bezbjednosti. Stojim vam na raspolaganju, ako vam treba savjet, razmjena iskustava, informacija i usluga. Ne ustru\u010davajte se da me <a href=\"https:\/\/sajberinfo.com\/en\/contact\/\" target=\"_blank\" rel=\"nofollow noopener\">kontaktirate<\/a>!<\/span><\/p>\n<p><span style=\"font-size: 14pt;\">Radujem se tome, jer informacione tehnologije jesu dijeljenje a ne skrivanje, iako postoje i oni koji ne misle tako.<\/span><\/p>\n<p style=\"text-align: right;\"><span style=\"font-size: 14pt;\">Sa\u0161a \u0110uri\u0107<br \/>\n<\/span><\/p>","protected":false},"excerpt":{"rendered":"<p>Dobro do\u0161li na Sajber Info blog, moje ime je Sa\u0161a \u0110uri\u0107. Ve\u0107 vi\u0161e od deset godina profesionalno radim na polju informacionih tehnologija sa posebnom orijentacijom ka sajber bezbjednosti. Profesionalnim radom ali i obrazovanjem stekao&#46;&#46;&#46;<\/p>","protected":false},"author":1,"featured_media":0,"parent":0,"menu_order":0,"comment_status":"closed","ping_status":"closed","template":"","meta":{"footnotes":""},"class_list":["post-3361","page","type-page","status-publish","hentry"],"_links":{"self":[{"href":"https:\/\/sajberinfo.com\/en\/wp-json\/wp\/v2\/pages\/3361","targetHints":{"allow":["GET"]}}],"collection":[{"href":"https:\/\/sajberinfo.com\/en\/wp-json\/wp\/v2\/pages"}],"about":[{"href":"https:\/\/sajberinfo.com\/en\/wp-json\/wp\/v2\/types\/page"}],"author":[{"embeddable":true,"href":"https:\/\/sajberinfo.com\/en\/wp-json\/wp\/v2\/users\/1"}],"replies":[{"embeddable":true,"href":"https:\/\/sajberinfo.com\/en\/wp-json\/wp\/v2\/comments?post=3361"}],"version-history":[{"count":0,"href":"https:\/\/sajberinfo.com\/en\/wp-json\/wp\/v2\/pages\/3361\/revisions"}],"wp:attachment":[{"href":"https:\/\/sajberinfo.com\/en\/wp-json\/wp\/v2\/media?parent=3361"}],"curies":[{"name":"wp","href":"https:\/\/api.w.org\/{rel}","templated":true}]}}